{"id":4853,"date":"2025-12-12T09:32:00","date_gmt":"2025-12-12T09:32:00","guid":{"rendered":"https:\/\/clapiboats.com\/?page_id=4853"},"modified":"2025-12-13T09:21:50","modified_gmt":"2025-12-13T09:21:50","slug":"saint-tropez-golfe-esterel","status":"publish","type":"page","link":"https:\/\/clapiboats.com\/en\/accueil\/itineraires-cote-dazur\/saint-tropez-golfe-esterel\/","title":{"rendered":"Itineraries Saint-Tropez - Gulf &amp; red rocks of the Esterel"},"content":{"rendered":"<div data-elementor-type=\"wp-page\" data-elementor-id=\"4853\" class=\"elementor elementor-4853\" data-elementor-post-type=\"page\">\n\t\t\t\t<div class=\"elementor-element elementor-element-fad91c0 e-flex e-con-boxed e-con e-parent\" data-id=\"fad91c0\" data-element_type=\"container\" data-e-type=\"container\" data-settings=\"{&quot;background_background&quot;:&quot;classic&quot;}\">\n\t\t\t\t\t<div class=\"e-con-inner\">\n\t\t\t\t<div class=\"elementor-element elementor-element-aa3eed4 elementor-widget-mobile__width-initial elementor-widget elementor-widget-heading\" data-id=\"aa3eed4\" data-element_type=\"widget\" data-e-type=\"widget\" data-widget_type=\"heading.default\">\n\t\t\t\t\t<h1 class=\"elementor-heading-title elementor-size-default\">SEA ITINERARIES: SAINT-TROPEZ, GULF &amp; EST\u00c9REL RED ROCKS<\/h1>\t\t\t\t<\/div>\n\t\t\t\t\t<\/div>\n\t\t\t\t<\/div>\n\t\t<div class=\"elementor-element elementor-element-20006bb e-flex e-con-boxed e-con e-parent\" data-id=\"20006bb\" data-element_type=\"container\" data-e-type=\"container\">\n\t\t\t\t\t<div class=\"e-con-inner\">\n\t\t\t\t<div class=\"elementor-element elementor-element-e2b7dd7 elementor-widget elementor-widget-text-editor\" data-id=\"e2b7dd7\" data-element_type=\"widget\" data-e-type=\"widget\" data-widget_type=\"text-editor.default\">\n\t\t\t\t\t\t\t\t\t<p class=\"seo-text\" style=\"text-align: center;\"><span style=\"color: #000000;\">Between the Gulf of Saint-Tropez and the red rocks of the Est\u00e9rel, this itinerary offers a wide variety of landscapes: emblematic beaches, quiet bays, deep coves and volcanic reliefs plunging into the sea. A contrasting backdrop, ideal for a day punctuated by relaxation and discovery.<\/span><\/p>\t\t\t\t\t\t\t\t<\/div>\n\t\t\t\t\t<\/div>\n\t\t\t\t<\/div>\n\t\t<div class=\"elementor-element elementor-element-7248f48 e-flex e-con-boxed e-con e-parent\" data-id=\"7248f48\" data-element_type=\"container\" data-e-type=\"container\">\n\t\t\t\t\t<div class=\"e-con-inner\">\n\t\t<div class=\"elementor-element elementor-element-99be997 e-con-full e-flex e-con e-child\" data-id=\"99be997\" data-element_type=\"container\" data-e-type=\"container\">\n\t\t\t\t<div class=\"elementor-element elementor-element-3432e35 elementor-widget elementor-widget-image\" data-id=\"3432e35\" data-element_type=\"widget\" data-e-type=\"widget\" data-widget_type=\"image.default\">\n\t\t\t\t\t\t\t\t\t\t\t\t\t\t\t<img fetchpriority=\"high\" decoding=\"async\" width=\"800\" height=\"800\" src=\"https:\/\/clapiboats.com\/wp-content\/uploads\/2025\/12\/5.png\" class=\"attachment-large size-large wp-image-4737\" alt=\"\" srcset=\"https:\/\/clapiboats.com\/wp-content\/uploads\/2025\/12\/5.png 1000w, https:\/\/clapiboats.com\/wp-content\/uploads\/2025\/12\/5-300x300.png 300w, https:\/\/clapiboats.com\/wp-content\/uploads\/2025\/12\/5-150x150.png 150w, https:\/\/clapiboats.com\/wp-content\/uploads\/2025\/12\/5-768x768.png 768w, https:\/\/clapiboats.com\/wp-content\/uploads\/2025\/12\/5-12x12.png 12w\" sizes=\"(max-width: 800px) 100vw, 800px\" \/>\t\t\t\t\t\t\t\t\t\t\t\t\t\t\t<\/div>\n\t\t\t\t<\/div>\n\t\t<div class=\"elementor-element elementor-element-797a2f2 e-con-full e-flex e-con e-child\" data-id=\"797a2f2\" data-element_type=\"container\" data-e-type=\"container\">\n\t\t\t\t<div class=\"elementor-element elementor-element-cfe7fec elementor-widget elementor-widget-text-editor\" data-id=\"cfe7fec\" data-element_type=\"widget\" data-e-type=\"widget\" data-widget_type=\"text-editor.default\">\n\t\t\t\t\t\t\t\t\t<h2 class=\"seo-h2\" style=\"text-align: center;\"><span style=\"color: #000000;\">Saint-Tropez - Gulf - Esterel itinerary at a glance<\/span><\/h2><p class=\"seo-text\"><span style=\"color: #000000;\">The Gulf of Saint-Tropez offers gentle, accessible sailing, while the Est\u00e9rel reveals a wilder, more sculpted coastline.<\/span><br \/><span style=\"color: #000000;\">by the red rock. This combination allows you to alternate between peaceful anchorages and more spectacular areas.<\/span><\/p><ul class=\"seo-list\"><li><span style=\"color: #000000;\">Gulf beaches: Pampelonne, Les Salins, Canoubiers.<\/span><\/li><li><span style=\"color: #000000;\">Presqu'\u00eele de Saint-Tropez: emblematic scenery and Mediterranean ambience.<\/span><\/li><li><span style=\"color: #000000;\">Est\u00e9rel red rocks: volcanic relief and deep coves.<\/span><\/li><li><span style=\"color: #000000;\">Numerous anchorages available, depending on light and weather conditions.<\/span><\/li><\/ul>\t\t\t\t\t\t\t\t<\/div>\n\t\t\t\t<\/div>\n\t\t<div class=\"elementor-element elementor-element-eb0a861 e-con-full e-flex e-con e-child\" data-id=\"eb0a861\" data-element_type=\"container\" data-e-type=\"container\">\n\t\t\t\t<div class=\"elementor-element elementor-element-17f7b58 elementor-widget elementor-widget-image\" data-id=\"17f7b58\" data-element_type=\"widget\" data-e-type=\"widget\" data-widget_type=\"image.default\">\n\t\t\t\t\t\t\t\t\t\t\t\t\t\t\t<img decoding=\"async\" width=\"800\" height=\"534\" src=\"https:\/\/clapiboats.com\/wp-content\/uploads\/2025\/10\/saint-tropez-1024x683.webp\" class=\"attachment-large size-large wp-image-1182\" alt=\"\" srcset=\"https:\/\/clapiboats.com\/wp-content\/uploads\/2025\/10\/saint-tropez-1024x683.webp 1024w, https:\/\/clapiboats.com\/wp-content\/uploads\/2025\/10\/saint-tropez-300x200.webp 300w, https:\/\/clapiboats.com\/wp-content\/uploads\/2025\/10\/saint-tropez-768x512.webp 768w, https:\/\/clapiboats.com\/wp-content\/uploads\/2025\/10\/saint-tropez-1536x1024.webp 1536w, https:\/\/clapiboats.com\/wp-content\/uploads\/2025\/10\/saint-tropez.webp 1920w\" sizes=\"(max-width: 800px) 100vw, 800px\" \/>\t\t\t\t\t\t\t\t\t\t\t\t\t\t\t<\/div>\n\t\t\t\t<\/div>\n\t\t\t\t\t<\/div>\n\t\t\t\t<\/div>\n\t\t<div class=\"elementor-element elementor-element-5088c5a e-flex e-con-boxed e-con e-parent\" data-id=\"5088c5a\" data-element_type=\"container\" data-e-type=\"container\">\n\t\t\t\t\t<div class=\"e-con-inner\">\n\t\t\t\t<div class=\"elementor-element elementor-element-787bb57 elementor-widget elementor-widget-text-editor\" data-id=\"787bb57\" data-element_type=\"widget\" data-e-type=\"widget\" data-widget_type=\"text-editor.default\">\n\t\t\t\t\t\t\t\t\t<h2 class=\"seo-h2\" style=\"text-align: center;\"><span style=\"color: #000000;\">The different atmospheres of the area<\/span><\/h2><h3 class=\"seo-h3\"><span style=\"color: #000000;\">The Gulf of Saint-Tropez<\/span><\/h3><p class=\"seo-text\"><span style=\"color: #000000;\">Wide and sheltered, the gulf offers calm waters and varied landscapes, from umbrella pines to coastal villages.<\/span><br \/><span style=\"color: #000000;\">and famous beaches. It's an ideal setting for a gentle start to the day.<\/span><\/p><ul class=\"seo-list\"><li><span style=\"color: #000000;\">Mediterranean landscapes and a warm atmosphere.<\/span><\/li><li><span style=\"color: #000000;\">Quiet areas for swimming or paddling.<\/span><\/li><li><span style=\"color: #000000;\">Smooth, accessible navigation.<\/span><\/li><\/ul><h3 class=\"seo-h3\"><span style=\"color: #000000;\">The peninsula and its emblematic beaches<\/span><\/h3><p class=\"seo-text\"><span style=\"color: #000000;\">Around the peninsula, there's a succession of beaches and bays, each with its own atmosphere.<\/span><br \/><span style=\"color: #000000;\">Pampelonne is the best-known, while Les Salins and Canoubiers offer more discreet settings.<\/span><\/p><ul class=\"seo-list\"><li><span style=\"color: #000000;\">Iconic beaches and clear water.<\/span><\/li><li><span style=\"color: #000000;\">Possibility of an extended stop depending on traffic.<\/span><\/li><li><span style=\"color: #000000;\">Friendly atmosphere typical of the region.<\/span><\/li><\/ul><h3 class=\"seo-h3\"><span style=\"color: #000000;\">The red rocks of Est\u00e9rel<\/span><\/h3><p class=\"seo-text\"><span style=\"color: #000000;\">Further west, l'Est\u00e9rel unveils a coastline shaped by volcanic rock. Red cliffs, rocky coves<\/span><br \/><span style=\"color: #000000;\">The narrow streets and contrasting colors create a spectacular backdrop, very different from that of the Gulf.<\/span><\/p><ul class=\"seo-list\"><li><span style=\"color: #000000;\">Impressive relief and great water depth.<\/span><\/li><li><span style=\"color: #000000;\">Wild creeks accessible according to conditions.<\/span><\/li><li><span style=\"color: #000000;\">Accentuated colors at the end of the day.<\/span><\/li><\/ul>\t\t\t\t\t\t\t\t<\/div>\n\t\t\t\t\t<\/div>\n\t\t\t\t<\/div>\n\t\t<div class=\"elementor-element elementor-element-8e234e7 e-flex e-con-boxed e-con e-parent\" data-id=\"8e234e7\" data-element_type=\"container\" data-e-type=\"container\">\n\t\t\t\t\t<div class=\"e-con-inner\">\n\t\t<div class=\"elementor-element elementor-element-1d8dc8b e-con-full e-flex e-con e-child\" data-id=\"1d8dc8b\" data-element_type=\"container\" data-e-type=\"container\">\n\t\t\t\t<div class=\"elementor-element elementor-element-c4bc9f4 elementor-widget elementor-widget-image\" data-id=\"c4bc9f4\" data-element_type=\"widget\" data-e-type=\"widget\" data-widget_type=\"image.default\">\n\t\t\t\t\t\t\t\t\t\t\t\t\t\t\t<img decoding=\"async\" width=\"800\" height=\"800\" src=\"https:\/\/clapiboats.com\/wp-content\/uploads\/2025\/12\/11.png\" class=\"attachment-large size-large wp-image-4734\" alt=\"\" srcset=\"https:\/\/clapiboats.com\/wp-content\/uploads\/2025\/12\/11.png 1000w, https:\/\/clapiboats.com\/wp-content\/uploads\/2025\/12\/11-300x300.png 300w, https:\/\/clapiboats.com\/wp-content\/uploads\/2025\/12\/11-150x150.png 150w, https:\/\/clapiboats.com\/wp-content\/uploads\/2025\/12\/11-768x768.png 768w, https:\/\/clapiboats.com\/wp-content\/uploads\/2025\/12\/11-12x12.png 12w\" sizes=\"(max-width: 800px) 100vw, 800px\" \/>\t\t\t\t\t\t\t\t\t\t\t\t\t\t\t<\/div>\n\t\t\t\t<\/div>\n\t\t<div class=\"elementor-element elementor-element-94b2f60 e-con-full e-flex e-con e-child\" data-id=\"94b2f60\" data-element_type=\"container\" data-e-type=\"container\">\n\t\t\t\t<div class=\"elementor-element elementor-element-7ae19cd elementor-widget elementor-widget-text-editor\" data-id=\"7ae19cd\" data-element_type=\"widget\" data-e-type=\"widget\" data-widget_type=\"text-editor.default\">\n\t\t\t\t\t\t\t\t\t<h2 class=\"seo-h2\" style=\"text-align: center;\"><span style=\"color: #000000;\">What type of day is this itinerary suitable for?<\/span><\/h2><p class=\"seo-text\"><span style=\"color: #000000;\">Thanks to the diversity of its landscapes, this itinerary is ideal for both leisurely days out and longer outings.<\/span><br \/><span style=\"color: #000000;\">or more dynamic programs.<\/span><\/p><h3 class=\"seo-h3\"><span style=\"color: #000000;\">For a relaxing day<\/span><\/h3><ul class=\"seo-list\"><li><span style=\"color: #000000;\">Peaceful anchorages in the gulf.<\/span><\/li><li><span style=\"color: #000000;\">Swimming and quiet moments around the peninsula.<\/span><\/li><li><span style=\"color: #000000;\">Smooth, steady sailing.<\/span><\/li><\/ul><h3 class=\"seo-h3\"><span style=\"color: #000000;\">For a day of landscapes and contrasts<\/span><\/h3><ul class=\"seo-list\"><li><span style=\"color: #000000;\">Exploring the red relief of the Esterel.<\/span><\/li><li><span style=\"color: #000000;\">Marked transitions between quiet and more spectacular areas.<\/span><\/li><li><span style=\"color: #000000;\">Observation of colors according to light.<\/span><\/li><\/ul><h3 class=\"seo-h3\"><span style=\"color: #000000;\">For a dynamic day<\/span><\/h3><ul class=\"seo-list\"><li><span style=\"color: #000000;\">A series of anchorages.<\/span><\/li><li><span style=\"color: #000000;\">Long navigation along the Est\u00e9rel.<\/span><\/li><li><span style=\"color: #000000;\">Possibility of integrating activities depending on the boat.<\/span><\/li><\/ul>\t\t\t\t\t\t\t\t<\/div>\n\t\t\t\t<\/div>\n\t\t\t\t\t<\/div>\n\t\t\t\t<\/div>\n\t\t<div class=\"elementor-element elementor-element-3826658 e-flex e-con-boxed e-con e-parent\" data-id=\"3826658\" data-element_type=\"container\" data-e-type=\"container\">\n\t\t\t\t\t<div class=\"e-con-inner\">\n\t\t\t\t<div class=\"elementor-element elementor-element-c3d9b9f elementor-widget elementor-widget-text-editor\" data-id=\"c3d9b9f\" data-element_type=\"widget\" data-e-type=\"widget\" data-widget_type=\"text-editor.default\">\n\t\t\t\t\t\t\t\t\t<h2 class=\"seo-h2\" style=\"text-align: center;\">Tips for making the most of this itinerary<\/h2><p class=\"seo-text\" style=\"text-align: center;\">This itinerary is easily adapted to the weather and the pace of the group. Alternating between protected and more open areas creates a well-balanced day.<\/p><ul class=\"seo-list\"><li>Start in the Gulf for a gentler atmosphere.<\/li><li>Exploring the Esterel by light and wind.<\/li><li>Choose accessible coves according to the day's conditions.<\/li><li>Favoring a gradual return via the peninsula.<\/li><\/ul>\t\t\t\t\t\t\t\t<\/div>\n\t\t\t\t\t<\/div>\n\t\t\t\t<\/div>\n\t\t<div class=\"elementor-element elementor-element-acd900d e-flex e-con-boxed e-con e-parent\" data-id=\"acd900d\" data-element_type=\"container\" data-e-type=\"container\">\n\t\t\t\t\t<div class=\"e-con-inner\">\n\t\t\t\t<div class=\"elementor-element elementor-element-0aa7ce4 elementor-widget-divider--view-line elementor-widget elementor-widget-divider\" data-id=\"0aa7ce4\" data-element_type=\"widget\" data-e-type=\"widget\" data-widget_type=\"divider.default\">\n\t\t\t\t\t\t\t<div class=\"elementor-divider\">\n\t\t\t<span class=\"elementor-divider-separator\">\n\t\t\t\t\t\t<\/span>\n\t\t<\/div>\n\t\t\t\t\t\t<\/div>\n\t\t\t\t\t<\/div>\n\t\t\t\t<\/div>\n\t\t<div class=\"elementor-element elementor-element-97b689c e-flex e-con-boxed e-con e-parent\" data-id=\"97b689c\" data-element_type=\"container\" data-e-type=\"container\">\n\t\t\t\t\t<div class=\"e-con-inner\">\n\t\t<div class=\"elementor-element elementor-element-b470ddc e-con-full e-flex e-con e-child\" data-id=\"b470ddc\" data-element_type=\"container\" data-e-type=\"container\">\n\t\t\t\t<div class=\"elementor-element elementor-element-d09bf61 elementor-widget elementor-widget-text-editor\" data-id=\"d09bf61\" data-element_type=\"widget\" data-e-type=\"widget\" data-widget_type=\"text-editor.default\">\n\t\t\t\t\t\t\t\t\t<div class=\"itineraire-boat-suggestion\" style=\"margin: 30px 0; padding: 20px; border: \u00e0px solid #e6e6e6; border-radius: 8px;\"><p class=\"seo-h2\" style=\"text-align: center;\"><span style=\"color: #000000;\">A yacht perfectly suited to this itinerary<\/span><\/p><p class=\"seo-text\" style=\"text-align: center;\"><span style=\"color: #000000;\">To make the most of this itinerary between the L\u00e9rins Islands and Cap d'Antibes,<\/span><br \/><span style=\"color: #000000;\">the <strong>WALLY 48<\/strong> offers an excellent balance between comfort, maneuverability and outdoor space.<\/span><br \/><span style=\"color: #000000;\">It's just as suited to calm days as it is to more active outings.<\/span><\/p><p style=\"text-align: center;\"><span style=\"color: #000000;\"><a style=\"display: inline-block; margin-top: 10px; padding: 8px 16px; text-decoration: none; border: 1px solid #2c3035; border-radius: 4px; font-size: 14px; color: #000000;\" href=\"https:\/\/clapiboats.com\/en\/location-yacht\/saint-tropez-a-saint-raphael\/wally-48\/\">See the yacht<br \/><\/a><\/span><\/p><\/div>\t\t\t\t\t\t\t\t<\/div>\n\t\t\t\t<\/div>\n\t\t<div class=\"elementor-element elementor-element-c3fe61c e-con-full e-flex e-con e-child\" data-id=\"c3fe61c\" data-element_type=\"container\" data-e-type=\"container\">\n\t\t\t\t<div class=\"elementor-element elementor-element-9fb9e02 elementor-widget elementor-widget-image\" data-id=\"9fb9e02\" data-element_type=\"widget\" data-e-type=\"widget\" data-widget_type=\"image.default\">\n\t\t\t\t\t\t\t\t\t\t\t\t\t\t\t\t<a href=\"https:\/\/clapiboats.com\/en\/location-yacht\/saint-tropez-a-saint-raphael\/wally-48\/\">\n\t\t\t\t\t\t\t<img loading=\"lazy\" decoding=\"async\" width=\"800\" height=\"438\" src=\"https:\/\/clapiboats.com\/wp-content\/uploads\/2025\/10\/wally-wallytender-48-3_1920x1050-mjE75J63LOTX8k4G-1024x560.jpg\" class=\"attachment-large size-large wp-image-2753\" alt=\"Yacht charter WALLY 48\" srcset=\"https:\/\/clapiboats.com\/wp-content\/uploads\/2025\/10\/wally-wallytender-48-3_1920x1050-mjE75J63LOTX8k4G-1024x560.jpg 1024w, https:\/\/clapiboats.com\/wp-content\/uploads\/2025\/10\/wally-wallytender-48-3_1920x1050-mjE75J63LOTX8k4G-300x164.jpg 300w, https:\/\/clapiboats.com\/wp-content\/uploads\/2025\/10\/wally-wallytender-48-3_1920x1050-mjE75J63LOTX8k4G-768x420.jpg 768w, https:\/\/clapiboats.com\/wp-content\/uploads\/2025\/10\/wally-wallytender-48-3_1920x1050-mjE75J63LOTX8k4G-1536x840.jpg 1536w, https:\/\/clapiboats.com\/wp-content\/uploads\/2025\/10\/wally-wallytender-48-3_1920x1050-mjE75J63LOTX8k4G.jpg 1920w\" sizes=\"(max-width: 800px) 100vw, 800px\" \/>\t\t\t\t\t\t\t\t<\/a>\n\t\t\t\t\t\t\t\t\t\t\t\t\t\t\t<\/div>\n\t\t\t\t<\/div>\n\t\t\t\t\t<\/div>\n\t\t\t\t<\/div>\n\t\t<div class=\"elementor-element elementor-element-541db28 e-flex e-con-boxed e-con e-parent\" data-id=\"541db28\" data-element_type=\"container\" data-e-type=\"container\">\n\t\t\t\t\t<div class=\"e-con-inner\">\n\t\t\t\t<div class=\"elementor-element elementor-element-e077e7d elementor-widget-divider--view-line elementor-widget elementor-widget-divider\" data-id=\"e077e7d\" data-element_type=\"widget\" data-e-type=\"widget\" data-widget_type=\"divider.default\">\n\t\t\t\t\t\t\t<div class=\"elementor-divider\">\n\t\t\t<span class=\"elementor-divider-separator\">\n\t\t\t\t\t\t<\/span>\n\t\t<\/div>\n\t\t\t\t\t\t<\/div>\n\t\t\t\t\t<\/div>\n\t\t\t\t<\/div>\n\t\t<div class=\"elementor-element elementor-element-e7ee38a e-flex e-con-boxed e-con e-parent\" data-id=\"e7ee38a\" data-element_type=\"container\" data-e-type=\"container\" data-settings=\"{&quot;background_background&quot;:&quot;classic&quot;}\">\n\t\t\t\t\t<div class=\"e-con-inner\">\n\t\t\t\t<div class=\"elementor-element elementor-element-a278bc4 elementor-widget elementor-widget-text-editor\" data-id=\"a278bc4\" data-element_type=\"widget\" data-e-type=\"widget\" data-widget_type=\"text-editor.default\">\n\t\t\t\t\t\t\t\t\t<h2 class=\"seo-h2\" style=\"text-align: center;\"><span style=\"color: #f3f2e6;\">FAQ - Saint-Tropez - Gulf &amp; Esterel itinerary<\/span><\/h2><h3 class=\"seo-h3\"><span style=\"color: #f3f2e6;\">Can you combine Gulf and Esterel in the same day?<\/span><\/h3><p class=\"seo-text\"><span style=\"color: #f3f2e6;\">Yes, as long as you adjust your pace. The Gulf offers calm zones, while the Esterel requires a more active<\/span><br \/><span style=\"color: #f3f2e6;\">a little more open navigation.<\/span><\/p><h3 class=\"seo-h3\"><span style=\"color: #f3f2e6;\">Is this itinerary suitable for families?<\/span><\/h3><p class=\"seo-text\"><span style=\"color: #f3f2e6;\">The Gulf areas are ideal for families. L'Est\u00e9rel can be added if conditions are favorable.<\/span><\/p><h3 class=\"seo-h3\"><span style=\"color: #f3f2e6;\">Can we include a beach club stop?<\/span><\/h3><p class=\"seo-text\"><span style=\"color: #f3f2e6;\">Yes, many of the Gulf's establishments are accessible by boat.<\/span><br \/><span style=\"color: #f3f2e6;\">This can give structure to your day if you want to have lunch ashore.<\/span><\/p><h3 class=\"seo-h3\"><span style=\"color: #f3f2e6;\">When is the best time to sail the Esterel?<\/span><\/h3><p class=\"seo-text\"><span style=\"color: #f3f2e6;\">Late afternoon brings out the colors of the rock.<\/span><br \/><span style=\"color: #f3f2e6;\">This is one of the best times to walk along the cliffs.<\/span><\/p>\t\t\t\t\t\t\t\t<\/div>\n\t\t\t\t\t<\/div>\n\t\t\t\t<\/div>\n\t\t<div class=\"elementor-element elementor-element-ea6275a e-flex e-con-boxed e-con e-parent\" data-id=\"ea6275a\" data-element_type=\"container\" data-e-type=\"container\">\n\t\t\t\t\t<div class=\"e-con-inner\">\n\t\t\t\t<div class=\"elementor-element elementor-element-efe9ee6 elementor-widget elementor-widget-text-editor\" data-id=\"efe9ee6\" data-element_type=\"widget\" data-e-type=\"widget\" data-widget_type=\"text-editor.default\">\n\t\t\t\t\t\t\t\t\t<h2 class=\"seo-h2\" style=\"text-align: center;\"><span style=\"color: #000000;\">Want to discover other itineraries on the C\u00f4te d'Azur?<\/span><\/h2><p class=\"seo-text\" style=\"text-align: center;\"><span style=\"color: #000000;\">This itinerary is just one of the many possibilities along the C\u00f4te d'Azur.<\/span><br \/><span style=\"color: #000000;\">You can discover other areas to imagine your next day at sea.<\/span><\/p>\t\t\t\t\t\t\t\t<\/div>\n\t\t\t\t\t<\/div>\n\t\t\t\t<\/div>\n\t\t<div class=\"elementor-element elementor-element-191b439 e-flex e-con-boxed e-con e-parent\" data-id=\"191b439\" data-element_type=\"container\" data-e-type=\"container\">\n\t\t\t\t\t<div class=\"e-con-inner\">\n\t\t\t\t<div class=\"elementor-element elementor-element-3fbfc45 elementor-widget__width-initial elementor-widget elementor-widget-html\" data-id=\"3fbfc45\" data-element_type=\"widget\" data-e-type=\"widget\" data-widget_type=\"html.default\">\n\t\t\t\t\t<iframe \n  src=\"https:\/\/embed.fillout.com\/t\/mDp3XGsW8Xus?fillout-embed-id=34586678894150&fillout-embed-type=standard&fillout-embed-parent-page=https%3A%2F%2Fclapiboats.com%2F&fillout-embed-dynamic-resize=true\" \n  width=\"100%\" \n  height=\"600\" \n  frameborder=\"0\"\n  style=\"border: none;border-radius:10px;\">\n<\/iframe>\t\t\t\t<\/div>\n\t\t\t\t\t<\/div>\n\t\t\t\t<\/div>\n\t\t\t\t<\/div>","protected":false},"excerpt":{"rendered":"<p>ITIN\u00c9RAIRES EN MER : SAINT-TROPEZ, GOLFE &amp; ROCHES ROUGES DE L\u2019EST\u00c9REL Entre le golfe de Saint-Tropez et les roches rouges de l\u2019Est\u00e9rel, cet itin\u00e9raire offre une grande vari\u00e9t\u00e9 de paysages : plages embl\u00e9matiques, baies calmes, criques profondes et reliefs volcaniques plongeant dans la mer. Un d\u00e9cor contrast\u00e9, id\u00e9al pour une journ\u00e9e rythm\u00e9e entre d\u00e9tente et [&hellip;]<\/p>\n","protected":false},"author":5,"featured_media":0,"parent":4556,"menu_order":0,"comment_status":"closed","ping_status":"closed","template":"","meta":{"footnotes":""},"class_list":["post-4853","page","type-page","status-publish","hentry"],"_links":{"self":[{"href":"https:\/\/clapiboats.com\/en\/wp-json\/wp\/v2\/pages\/4853","targetHints":{"allow":["GET"]}}],"collection":[{"href":"https:\/\/clapiboats.com\/en\/wp-json\/wp\/v2\/pages"}],"about":[{"href":"https:\/\/clapiboats.com\/en\/wp-json\/wp\/v2\/types\/page"}],"author":[{"embeddable":true,"href":"https:\/\/clapiboats.com\/en\/wp-json\/wp\/v2\/users\/5"}],"replies":[{"embeddable":true,"href":"https:\/\/clapiboats.com\/en\/wp-json\/wp\/v2\/comments?post=4853"}],"version-history":[{"count":22,"href":"https:\/\/clapiboats.com\/en\/wp-json\/wp\/v2\/pages\/4853\/revisions"}],"predecessor-version":[{"id":4917,"href":"https:\/\/clapiboats.com\/en\/wp-json\/wp\/v2\/pages\/4853\/revisions\/4917"}],"up":[{"embeddable":true,"href":"https:\/\/clapiboats.com\/en\/wp-json\/wp\/v2\/pages\/4556"}],"wp:attachment":[{"href":"https:\/\/clapiboats.com\/en\/wp-json\/wp\/v2\/media?parent=4853"}],"curies":[{"name":"wp","href":"https:\/\/api.w.org\/{rel}","templated":true}]}}